{"id":1611,"date":"2017-10-19T13:57:03","date_gmt":"2017-10-19T13:57:03","guid":{"rendered":"http:\/\/themes.laborator.co\/aurum\/fashion-demo-content\/?page_id=1482"},"modified":"2021-02-15T15:43:19","modified_gmt":"2021-02-15T13:43:19","slug":"terminos-y-condiciones","status":"publish","type":"page","link":"https:\/\/meltin.eu\/es\/terminos-y-condiciones\/","title":{"rendered":"T\u00c9RMINOS Y CONDICIONES"},"content":{"rendered":"<div class=\"wpb-content-wrapper\"><div class=\"vc_row row\"><div class=\"wpb_column vc_column_container vc_col-sm-12\"><div class=\"vc_column-inner\"><div class=\"wpb_wrapper\"><\/div><\/div><\/div><\/div><div class=\"vc_row row\"><div class=\"wpb_column vc_column_container vc_col-sm-12\"><div class=\"vc_column-inner\"><div class=\"wpb_wrapper\">\n\t<div class=\"wpb_text_column wpb_content_element  vc_custom_1613396460925\" >\n\t\t<div class=\"wpb_wrapper\">\n\t\t\t<p><strong>T\u00c9RMINOS Y CONDICIONES<\/strong><\/p>\n<ol>\n<li><strong>Introducci\u00f3n<\/strong><\/li>\n<\/ol>\n<p>Los t\u00e9rminos y condiciones generales de la tienda en l\u00ednea Meltin.eu se han recopilado de acuerdo con la Ley de Protecci\u00f3n al Consumidor (ZVPot). La tienda en l\u00ednea Meltin.eu est\u00e1 gestionada por la empresa Peter Mili\u0107 SP, en lo sucesivo, el proveedor. El usuario es la persona que utiliza nuestro sistema, es decir, el cliente en la tienda online (en adelante, el cliente).<br \/>\nLos T\u00e9rminos y Condiciones Generales se refieren al funcionamiento de la tienda en l\u00ednea Meltin.eu, los derechos del cliente y la relaci\u00f3n comercial entre el proveedor y el cliente.<\/p>\n<ol start=\"2\">\n<li><strong> Pedido<\/strong><\/li>\n<\/ol>\n<p>Despu\u00e9s de realizar el pedido, el cliente recibe una confirmaci\u00f3n del pedido en un plazo de 24 horas en su correo electr\u00f3nico o por SMS a su tel\u00e9fono m\u00f3vil. Cualquier cancelaci\u00f3n del pedido puede notificarse a la direcci\u00f3n de correo electr\u00f3nico del proveedor info@meltin.eu dentro de las dos horas posteriores a la realizaci\u00f3n del pedido. En el caso de que el comprador no cancele su pedido dentro del per\u00edodo acordado, significa que se concluye el contrato de compra de productos entre el comprador y el proveedor (Peter Mili\u0107 SP).<\/p>\n<p>El contrato (pedido) se almacena en formato electr\u00f3nico en el servidor del proveedor y el comprador puede acceder a \u00e9l en cualquier momento, solicit\u00e1ndolo a nuestro correo electr\u00f3nico info@meltin.eu. El comprador puede ponerse en contacto con el proveedor por correo electr\u00f3nico para verificar los datos o asegurar la exactitud de la entrega.<\/p>\n<p>Indicaci\u00f3n de los medios tecnol\u00f3gicos que permiten la identificaci\u00f3n y correcci\u00f3n de errores antes de realizar un pedido: El sitio web Meltin.eu ofrece una serie de productos y, como resultado, el pedido es transparente y muy simplificado. El precio y la cantidad de art\u00edculos son visibles durante toda la compra. Sin embargo, la compra en s\u00ed puede interrumpirse f\u00e1cilmente.<\/p>\n<p>&nbsp;<\/p>\n<ol start=\"3\">\n<li><strong> Plazo de entrega y entrega<\/strong><\/li>\n<\/ol>\n<p>El postor empaqueta y env\u00eda el producto dentro del tiempo prometido. En el caso de que el pedido se realice antes de las 12 del mediod\u00eda de un d\u00eda laborable, el postor enviar\u00e1 el env\u00edo el mismo d\u00eda. En caso de que el pedido se realice despu\u00e9s de las 12 del mediod\u00eda, el postor enviar\u00e1 el env\u00edo el siguiente d\u00eda h\u00e1bil. El env\u00edo suele llegar un d\u00eda despu\u00e9s del env\u00edo. El socio de entrega es el servicio de mensajer\u00eda Correos de Espa\u00f1a. El plazo de entrega oficial, por el que Po\u0161ta Slovenije est\u00e1 obligado, es de 3 d\u00edas. En el caso de que el comprador no reciba el paquete dentro de los 5 d\u00edas h\u00e1biles, deber\u00e1 notificarlo al nuestro correo electr\u00f3nico info@meltin.eu.<\/p>\n<p>&nbsp;<\/p>\n<ol start=\"4\">\n<li><strong> Proceso de entrega con Correos de Espa\u00f1a<\/strong><\/li>\n<\/ol>\n<p>Un mensajero le llamar\u00e1 el d\u00eda de la entrega. Correos de Espa\u00f1a entrega en la direcci\u00f3n seleccionada todos los d\u00edas de lunes a viernes entre las 8 am y las 4 pm. En caso de entrega fallida, el mensajero deja una notificaci\u00f3n de la llegada del env\u00edo. En el caso de que el comprador no reciba el env\u00edo dentro de los cuatro d\u00edas siguientes al pedido, deber\u00e1 notificarlo inmediatamente al proveedor. El comprador puede pagar el reembolso del paquete al mensajero en efectivo o con tarjeta de cr\u00e9dito \/ d\u00e9bito al momento de la entrega. En el caso de pago con tarjeta, el comprador deber\u00e1 avisar al proveedor con antelaci\u00f3n al realizar un pedido.<\/p>\n<ol start=\"5\">\n<li><strong> Gastos de env\u00edo<\/strong><\/li>\n<\/ol>\n<p>La tarifa plana de entrega de mercanc\u00edas en este caso es de 4,00 \u20ac. Este costo incluye el env\u00edo de canje registrado. En el caso de que el comprador pague m\u00e1s por los bienes adquiridos y los gastos de env\u00edo de lo que est\u00e1 escrito en la oferta enviada, el postor est\u00e1 obligado a reembolsar la diferencia.<\/p>\n<p>&nbsp;<\/p>\n<ol start=\"6\">\n<li><strong> Pago<\/strong><\/li>\n<\/ol>\n<p>El proveedor ofrece dos m\u00e9todos de pago:<\/p>\n<ul>\n<li>El tercer m\u00e9todo de pago es el pago con tarjeta de cr\u00e9dito a trav\u00e9s de Paypal. Paypal es un m\u00e9todo de pago con tarjetas de cr\u00e9dito VISA y Mastercard que brinda un 100% de seguridad para el cliente.<\/li>\n<\/ul>\n<ol start=\"7\">\n<li><strong> Cancelaci\u00f3n del pedido<\/strong><\/li>\n<\/ol>\n<p>El cliente puede notificar cualquier cancelaci\u00f3n de pedido a la direcci\u00f3n de correo electr\u00f3nico del proveedor en un plazo de dos horas. En el caso de que el comprador no cancele su pedido dentro del plazo acordado, significa que se concluye el contrato de compra de productos entre el comprador y el proveedor.<\/p>\n<ol start=\"8\">\n<li><strong> Conocimiento de la responsabilidad por error material<\/strong><\/li>\n<\/ol>\n<p>El vendedor Peter Mili\u0107 SP debe entregar la mercanc\u00eda al comprador de acuerdo con el contrato y es responsable de los errores materiales y legales de su cumplimiento.<\/p>\n<p>El defecto es real:<\/p>\n<ul>\n<li>si la cosa no tiene las propiedades necesarias para su uso normal o para su comercializaci\u00f3n;<\/li>\n<li>si la cosa no tiene las propiedades necesarias para el uso especial para el que el comprador la est\u00e1 comprando, pero que el vendedor conoc\u00eda o deber\u00eda haber conocido;<\/li>\n<li>si la cosa no tiene propiedades y cualidades que hayan sido acordadas o prescritas expl\u00edcita o t\u00e1citamente;<\/li>\n<li>si el vendedor ha entregado algo que no coincide con el patr\u00f3n o modelo, a menos que el patr\u00f3n o modelo se haya mostrado solo con fines de notificaci\u00f3n.<\/li>\n<\/ul>\n<p>&nbsp;<\/p>\n<p>La idoneidad de las mercanc\u00edas para el uso normal se evaluar\u00e1 a la luz de las mercanc\u00edas normales del mismo tipo y teniendo en cuenta las declaraciones del vendedor sobre las caracter\u00edsticas de las mercanc\u00edas realizadas por el vendedor o el fabricante, en particular mediante publicidad, presentaci\u00f3n del producto, presentaci\u00f3n del producto. o indicaciones en los propios productos. Las disposiciones de la ley que rigen las obligaciones se aplicar\u00e1n a la responsabilidad por errores materiales, a menos que esta ley disponga lo contrario. El comprador puede ejercer sus derechos derivados de un defecto material si notifica al vendedor del defecto dentro de los dos meses siguientes a la fecha en que se descubri\u00f3 el defecto. El comprador puede notificar al vendedor del error material a la direcci\u00f3n de correo electr\u00f3nico, por tel\u00e9fono o por escrito a la direcci\u00f3n del vendedor. El comprador debe describir el defecto con m\u00e1s detalle en el aviso de defecto y, si es necesario, permitir que el vendedor inspeccione el art\u00edculo. El comprador tambi\u00e9n puede notificar personalmente al vendedor el defecto, para lo cual el vendedor debe emitir un certificado. El consumidor, que ha notificado correctamente al vendedor sobre el defecto, tiene derecho a exigir al vendedor que sustituya los productos defectuosos por otros nuevos impecables o le reembolse el importe pagado. Si no se cuestiona la existencia de un defecto en la mercanc\u00eda o una irregularidad en el servicio prestado, el vendedor debe cumplir con la solicitud del comprador lo antes posible, pero no m\u00e1s tarde de ocho d\u00edas. El vendedor deber\u00e1 responder por escrito a la solicitud del comprador a m\u00e1s tardar ocho d\u00edas despu\u00e9s de su recepci\u00f3n, si se cuestiona la existencia de un defecto en la mercanc\u00eda o una irregularidad en el servicio prestado.Reemplazar la mercanc\u00eda defectuosa con mercader\u00eda nueva impecable o reembolsar el monto pagado. Si no se cuestiona la existencia de un defecto en la mercanc\u00eda o una irregularidad en el servicio prestado, el vendedor debe cumplir con la solicitud del comprador lo antes posible, pero no m\u00e1s tarde de ocho d\u00edas. El vendedor deber\u00e1 responder por escrito a la solicitud del comprador a m\u00e1s tardar ocho d\u00edas despu\u00e9s de su recepci\u00f3n, si se cuestiona la existencia de un defecto en la mercanc\u00eda o una irregularidad en el servicio prestado.Reemplazar la mercanc\u00eda defectuosa con mercader\u00eda nueva impecable o reembolsar el monto pagado. Si no se disputa la existencia de un defecto en la mercanc\u00eda o una irregularidad en el servicio prestado, el vendedor debe cumplir con la solicitud del comprador lo antes posible, pero a m\u00e1s tardar dentro de los ocho d\u00edas. El vendedor deber\u00e1 responder por escrito a la solicitud del comprador a m\u00e1s tardar ocho d\u00edas despu\u00e9s de su recepci\u00f3n, si se cuestiona la existencia de un defecto en la mercanc\u00eda o una irregularidad en el servicio prestado.<\/p>\n<p>&nbsp;<\/p>\n<ol start=\"9\">\n<li><strong> El derecho a retirar la compra y devolver los bienes de acuerdo con ZVPot<\/strong><\/li>\n<\/ol>\n<p>Los productos en la tienda en l\u00ednea est\u00e1n sujetos a las condiciones de garant\u00eda de acuerdo con la Ley de Protecci\u00f3n al Consumidor (ZVPot). En virtud de esta Ley, el comprador tiene derecho a notificar al licitador dentro de los catorce d\u00edas posteriores a la recepci\u00f3n de la mercanc\u00eda que se retira del contrato. No es necesario exponer las razones de esto. Al mismo tiempo, el comprador est\u00e1 obligado a devolver los bienes recibidos a la direcci\u00f3n del proveedor sin da\u00f1os y en la misma cantidad (como al recibir los bienes) a m\u00e1s tardar 14 d\u00edas despu\u00e9s de la presentaci\u00f3n del aviso de desistimiento del contrato. La devoluci\u00f3n de los bienes recibidos al postor dentro de los 14 d\u00edas posteriores a la recepci\u00f3n de los bienes sin un aviso de desistimiento del contrato se considera un aviso de desistimiento del contrato. El proveedor devuelve el precio de compra y los pagos restantes en su totalidad a m\u00e1s tardar 14 d\u00edas despu\u00e9s de recibir la notificaci\u00f3n de desistimiento del contrato.<\/p>\n<ol start=\"10\">\n<li><strong> Precios<\/strong><\/li>\n<\/ol>\n<p>precios de los productos est\u00e1n en euros e incluyen el IVA. Los precios son v\u00e1lidos en el momento de realizar el pedido y no tienen una vigencia predeterminada. Los precios est\u00e1n sujetos a cambios sin previo aviso. La oferta es v\u00e1lida hasta que se agoten las existencias. De conformidad con el p\u00e1rrafo 1 del art\u00edculo 94 de la ZDDV-1, la empresa no es responsable del IVA.<\/p>\n<ol start=\"11\">\n<li><strong> Descargo de responsabilidad<\/strong><\/li>\n<\/ol>\n<p>El prestador no se hace responsable del contenido de las opiniones sobre los productos redactadas por los usuarios del sitio web. Las opiniones y valoraciones de los productos son opiniones individuales y no necesariamente la posici\u00f3n del personal editorial del sitio web Meltin.eu.<\/p>\n<p>Aunque el proveedor se esfuerza por proporcionar fotograf\u00edas precisas de los art\u00edculos vendidos, todas las fotograf\u00edas deben tomarse como una referencia. Las fotograf\u00edas no garantizan las propiedades del art\u00edculo.<\/p>\n<p>El proveedor se reserva el derecho de cambiar los t\u00e9rminos comerciales en cualquier momento y de cualquier forma, por cualquier motivo y sin previo aviso.<\/p>\n<ol start=\"12\">\n<li><strong> Protecci\u00f3n de datos personales<\/strong><\/li>\n<\/ol>\n<p>El prestador se compromete a proteger permanentemente todos los datos personales del usuario de acuerdo con la Ley de Protecci\u00f3n de Datos Personales. El prestador utilizar\u00e1 los datos personales exclusivamente con la finalidad de cumplir con el pedido (env\u00edo de material informativo, ofertas, facturas) y dem\u00e1s comunicaciones necesarias. En ning\u00fan caso se ceder\u00e1n los datos del usuario a personas no autorizadas. El proveedor utiliza los medios tecnol\u00f3gicos y organizativos adecuados para proteger la transferencia y almacenamiento de datos personales y pagos. El proveedor utiliza un certificado SSL de 128 bits para estos fines.<\/p>\n<ol start=\"13\">\n<li><strong> Quejas y disputas<\/strong><\/li>\n<\/ol>\n<p>El proveedor respeta la legislaci\u00f3n aplicable en materia de protecci\u00f3n al consumidor y est\u00e1 obligado a establecer un sistema eficaz para la tramitaci\u00f3n de las quejas. En caso de problemas, el cliente puede contactar al proveedor por tel\u00e9fono, correo electr\u00f3nico o por escrito a la direcci\u00f3n de la empresa. El postor confirmar\u00e1 en un plazo de cinco d\u00edas h\u00e1biles que ha recibido la reclamaci\u00f3n e informar\u00e1 al comprador sobre el curso de la consideraci\u00f3n adicional del procedimiento. El proveedor se esfuerza lo mejor que puede para resolver cualquier disputa de manera amistosa.<\/p>\n<p>Peter Mili\u0107 SP<\/p>\n<p>Kvedrova cesta 24a<\/p>\n<p>6000 Koper<\/p>\n<p>No de impuesto: 10268294<\/p>\n<p>No de registro: 6900275000<\/p>\n<p>&nbsp;<\/p>\n<p>Cuenta corriente : SI56 3300 0000 7117560 (abierta con Addiko Bank dd)<\/p>\n\n\t\t<\/div>\n\t<\/div>\n<\/div><\/div><\/div><\/div>\n<\/div>","protected":false},"excerpt":{"rendered":"T\u00c9RMINOS Y CONDICIONES Introducci\u00f3n Los t\u00e9rminos y condiciones generales de la tienda en l\u00ednea Meltin.eu se han recopilado de acuerdo con la Ley de Protecci\u00f3n al Consumidor (ZVPot). La tienda en l\u00ednea Meltin.eu est\u00e1 gestionada por la empresa Peter Mili\u0107 SP, en lo sucesivo, el proveedor. El usuario es la persona que utiliza nuestro sistema, es decir, el cliente en la tienda online (en adelante, el cliente). Los T\u00e9rminos y Condiciones Generales se refieren al&hellip;","protected":false},"author":2,"featured_media":0,"parent":0,"menu_order":0,"comment_status":"closed","ping_status":"closed","template":"full-width-page.php","meta":{"content-type":"","footnotes":""},"class_list":["post-1611","page","type-page","status-publish","hentry"],"_links":{"self":[{"href":"https:\/\/meltin.eu\/es\/wp-json\/wp\/v2\/pages\/1611","targetHints":{"allow":["GET"]}}],"collection":[{"href":"https:\/\/meltin.eu\/es\/wp-json\/wp\/v2\/pages"}],"about":[{"href":"https:\/\/meltin.eu\/es\/wp-json\/wp\/v2\/types\/page"}],"author":[{"embeddable":true,"href":"https:\/\/meltin.eu\/es\/wp-json\/wp\/v2\/users\/2"}],"replies":[{"embeddable":true,"href":"https:\/\/meltin.eu\/es\/wp-json\/wp\/v2\/comments?post=1611"}],"version-history":[{"count":29,"href":"https:\/\/meltin.eu\/es\/wp-json\/wp\/v2\/pages\/1611\/revisions"}],"predecessor-version":[{"id":2902,"href":"https:\/\/meltin.eu\/es\/wp-json\/wp\/v2\/pages\/1611\/revisions\/2902"}],"wp:attachment":[{"href":"https:\/\/meltin.eu\/es\/wp-json\/wp\/v2\/media?parent=1611"}],"curies":[{"name":"wp","href":"https:\/\/api.w.org\/{rel}","templated":true}]}}