{"id":1611,"date":"2017-10-19T13:57:03","date_gmt":"2017-10-19T13:57:03","guid":{"rendered":"http:\/\/themes.laborator.co\/aurum\/fashion-demo-content\/?page_id=1482"},"modified":"2021-02-22T14:32:13","modified_gmt":"2021-02-22T12:32:13","slug":"regulamin","status":"publish","type":"page","link":"https:\/\/meltin.eu\/pl\/regulamin\/","title":{"rendered":"Regulamin"},"content":{"rendered":"<div class=\"wpb-content-wrapper\"><div class=\"vc_row row\"><div class=\"wpb_column vc_column_container vc_col-sm-12\"><div class=\"vc_column-inner\"><div class=\"wpb_wrapper\"><\/div><\/div><\/div><\/div><div class=\"vc_row row\"><div class=\"wpb_column vc_column_container vc_col-sm-12\"><div class=\"vc_column-inner\"><div class=\"wpb_wrapper\">\n\t<div class=\"wpb_text_column wpb_content_element  vc_custom_1613997022454\" >\n\t\t<div class=\"wpb_wrapper\">\n\t\t\t<p><strong>Regulamin:<\/strong><\/p>\n<ol>\n<li>Postanowienia og\u00f3lne<\/li>\n<\/ol>\n<p>Niniejszy Regulamin okre\u015bla og\u00f3lne warunki, zasady oraz spos\u00f3b sprzeda\u017cy prowadzonej przez Meltin.eu zgodnie z ustaw\u0105 o ochronie konsument\u00f3w. Sklep internetowy Meltin.eu jest prowadzony przez firm\u0119 Peter Mili\u0107 SP, zwan\u0105 dalej Sprzedawc\u0105. U\u017cytkownikiem jest osoba korzystaj\u0105ca z naszego systemu, czyli klient w sklepie internetowym (dalej Kupuj\u0105cy). Regulamin okre\u015bla zakres dzia\u0142a\u0144 sklepu internetowego Meltin.eu, prawa kupuj\u0105cego i relacje biznesowe mi\u0119dzy Sprzedawc\u0105 a Kupuj\u0105cym.<\/p>\n<ol start=\"2\">\n<li>Zam\u00f3wienie<\/li>\n<\/ol>\n<p>Po z\u0142o\u017ceniu zam\u00f3wienia, Kupuj\u0105cy w ci\u0105gu 24h otrzymuje wiadomo\u015b\u0107 e-mail lub SMS, zawieraj\u0105c\u0105 ostateczne potwierdzenie wszystkich istotnych element\u00f3w zam\u00f3wienia. O anulowaniu zam\u00f3wienia Kupuj\u0105cy mo\u017ce poinformowa\u0107 w ci\u0105gu dw\u00f3ch godzin od dokonania zam\u00f3wienia na adres e-mail Sprzedawcy: info@meltin.eu. Je\u017celi kupuj\u0105cy nie anuluje zam\u00f3wienia w uzgodnionym terminie, oznacza to, \u017ce umowa kupna towaru zostaje zawarta pomi\u0119dzy Kupuj\u0105cym a Sprzedawc\u0105 (Peter Mili\u0107 SP).<\/p>\n<p>Umowa (zam\u00f3wienie) jest przechowywana w formie elektronicznej na serwerze Sprzedawcy i jest dost\u0119pna dla Kupuj\u0105cego w dowolnym momencie na \u017c\u0105danie przez nasz adres e-mail: info@meltin.eu. Kupuj\u0105cy mo\u017ce skontaktowa\u0107 si\u0119 ze Sprzedawc\u0105 za po\u015brednictwem poczty elektronicznej w celu sprawdzenia swoich danych lub zapewnienia poprawno\u015bci dostawy.<\/p>\n<p>W sklepie Meltin.eu oferowany jest tylko jeden produkt, przez co \u200b\u200bzamawianie jest przejrzyste i uproszczone. Cena i ilo\u015b\u0107 towaru s\u0105 widoczne podczas zakupu, jednak sam zakup mo\u017cna \u0142atwo przerwa\u0107.<\/p>\n<ol start=\"3\">\n<li>Spos\u00f3b i czas dostawy<\/li>\n<\/ol>\n<p>Sprzedawca pakuje i wysy\u0142a produkt w uzgodnionym terminie. Je\u015bli zam\u00f3wienie zostanie z\u0142o\u017cone w dzie\u0144 roboczy przed godzin\u0105 12:00, zam\u00f3wienie zostanie wys\u0142ane tego samego dnia. Je\u015bli zam\u00f3wienie zostanie z\u0142o\u017cone po godzinie 12:00, zostanie wys\u0142ane kolejnego dnia roboczego. Zazwyczaj przesy\u0142ka dostarczana jest kolejnego dnia roboczego. Do dostawy u\u017cywamy r\u00f3\u017cnych kurier\u00f3w. Ca\u0142kowity czas dostawy, do kt\u00f3rego zobowi\u0105zani s\u0105 nasi przewo\u017anicy, wynosi 4 dni. Je\u015bli Kupuj\u0105cy nie otrzyma przesy\u0142ki w ci\u0105gu 7 dni roboczych, zobowi\u0105zany jest zg\u0142osi\u0107 ten fakt poprzez e-mail: info@meltin.eu.<\/p>\n<ol start=\"4\">\n<li>Dostawa za po\u015brednictwem r\u00f3\u017cnych kurier\u00f3w<\/li>\n<\/ol>\n<p>Kurier zadzwoni do Ciebie w dniu dostawy. W przypadku niedostarczenia przesy\u0142ki kurier zostawi awizo o pr\u00f3bie dor\u0119czenia. Je\u015bli Kupuj\u0105cy nie otrzyma dostawy w ci\u0105gu 7 dni od z\u0142o\u017cenia zam\u00f3wienia, zobowi\u0105zany jest niezw\u0142ocznie powiadomi\u0107 Sprzedawc\u0119. Koszt zam\u00f3wienia Kupuj\u0105cy mo\u017ce zap\u0142aci\u0107 kurierowi got\u00f3wk\u0105 lub kart\u0105 kredytow\u0105 \/ debetow\u0105 w momencie odbioru przesy\u0142ki. W przypadku p\u0142atno\u015bci kart\u0105, Kupuj\u0105cy musi z wyprzedzeniem poinformowa\u0107 Sprzedawc\u0119 w trakcie sk\u0142adania zam\u00f3wienia.<\/p>\n<ol start=\"5\">\n<li>Koszty dostawy<\/li>\n<\/ol>\n<p>Koszt wysy\u0142ki, kt\u00f3re Kupuj\u0105cy musi zap\u0142aci\u0107 za zam\u00f3wienia wynosi 4 \u20ac przy p\u0142atno\u015bci kart\u0105 kredytow\u0105 lub PayPal.<\/p>\n<p>Koszty te obejmuj\u0105 przesy\u0142k\u0119 polecon\u0105. W przypadku, gdy Kupuj\u0105cy zap\u0142aci za zakupiony towar i koszty wysy\u0142ki wi\u0119cej ni\u017c podano w ofercie sprzeda\u017cy, Sprzedawca zobowi\u0105zany jest do zwrotu r\u00f3\u017cnicy kwoty.<\/p>\n<ol start=\"6\">\n<li>Metody p\u0142atno\u015bci<\/li>\n<\/ol>\n<p>Sprzedawca oferuje trzy metody p\u0142atno\u015bci:<\/p>\n<p>&#8211; PayPal &#8211; szybka p\u0142atno\u015b\u0107 dla posiadaczy konta w PayPal &#8211; P\u0142atno\u015b\u0107 kart\u0105<\/p>\n<p>&#8211; P\u0142atno\u015b\u0107 kart\u0105 \u2013 tradycyjna p\u0142atno\u015b\u0107 kart\u0105 debetow\u0105 lub kredytow\u0105<\/p>\n<p>&#8211; Przelewy24 &#8211; system szybkich p\u0142atno\u015bci internetowych, kt\u00f3ry umo\u017cliwia natychmiastowe dokonanie wp\u0142aty. W ramach systemu masz do dyspozycji p\u0142atno\u015b\u0107: Blikiem, przelewem tradycyjnym, kart\u0105 p\u0142atnicz\u0105, portfelem elektronicznym.<\/p>\n<ol start=\"7\">\n<li>Anulowanie zam\u00f3wienia<\/li>\n<\/ol>\n<p>Ewentualne anulowanie zam\u00f3wienia mo\u017cna zg\u0142osi\u0107 na adres e-mail Sprzedawcy w ci\u0105gu 2 godzin od momentu zam\u00f3wienia produktu. Je\u017celi kupuj\u0105cy nie anuluje zam\u00f3wienia w uzgodnionym terminie, oznacza to, \u017ce umowa kupna produkt\u00f3w zostaje zawarta pomi\u0119dzy kupuj\u0105cym a dostawc\u0105.<\/p>\n<ol start=\"8\">\n<li>Odpowiedzialno\u015b\u0107 za wady produktu<\/li>\n<\/ol>\n<p>Sprzedaj\u0105cy Peter Mili\u0107 SP zobowi\u0105zany jest dostarczy\u0107 Kupuj\u0105cemu towar zgodnie z umow\u0105 i odpowiada za wszelkie wady produktu.<\/p>\n<p>Wada wyst\u0119puje:<\/p>\n<p>&#8211; je\u017celi produkt nie ma w\u0142a\u015bciwo\u015bci niezb\u0119dnych do jego normalnego u\u017cytkowania lub wprowadzania do obrotu;<\/p>\n<p>&#8211; je\u017celi produkt nie ma w\u0142a\u015bciwo\u015bci niezb\u0119dnych do okre\u015blonego celu, w jakim Kupuj\u0105cy go nabywa, ale kt\u00f3re by\u0142y lub powinny by\u0107 znane Sprzedawcy;<\/p>\n<p>&#8211; je\u017celi produkt nie ma w\u0142a\u015bciwo\u015bci, kt\u00f3re zosta\u0142y wyra\u017anie uzgodnione lub przepisane;<\/p>\n<p>&#8211; je\u017celi Sprzedawca dostarczy\u0142 produkt, kt\u00f3ry nie odpowiada modelowi, chyba \u017ce model zosta\u0142 przedstawiony tylko w celach informacyjnych.<\/p>\n<p>Przydatno\u015b\u0107 towar\u00f3w do normalnego u\u017cytkowania nale\u017cy ocenia\u0107 w \u015bwietle zwyk\u0142ych towar\u00f3w tego samego rodzaju oraz z uwzgl\u0119dnieniem wszelkich informacji dostarczonych przez Sprzedawc\u0119 lub producenta na temat w\u0142a\u015bciwo\u015bci towar\u00f3w, w szczeg\u00f3lno\u015bci poprzez reklam\u0119, prezentacj\u0119 produktu lub informacje o samych towarach. W zakresie odpowiedzialno\u015bci za wady fizyczne towar\u00f3w obowi\u0105zuj\u0105 przepisy ustawowe dotycz\u0105ce zobowi\u0105za\u0144 umownych, chyba \u017ce prawo stanowi inaczej. Kupuj\u0105cy mo\u017ce skorzysta\u0107 ze swoich praw wynikaj\u0105cych z wady fizycznej, je\u017celi zawiadomi sprzedawc\u0119 o wadzie w ci\u0105gu dw\u00f3ch miesi\u0119cy od stwierdzenia wady. Kupuj\u0105cy mo\u017ce powiadomi\u0107 Sprzedawc\u0119 o istotnej wadzie drog\u0105 mailow\u0105, telefoniczn\u0105 lub pisemnie na adres Sprzedawcy. Kupuj\u0105cy musi szczeg\u00f3\u0142owo opisa\u0107 wad\u0119 w powiadomieniu o wadach i, je\u015bli to konieczne, da\u0107 Sprzedawcy mo\u017cliwo\u015b\u0107 sprawdzenia przedmiotu. Kupuj\u0105cy mo\u017ce r\u00f3wnie\u017c osobi\u015bcie zg\u0142osi\u0107 wad\u0119 sprzedawcy, na co Sprzedawca musi wystawi\u0107 certyfikat. Kupuj\u0105cy, kt\u00f3ry prawid\u0142owo poinformowa\u0142 Sprzedawc\u0119 o wadzie, mo\u017ce \u017c\u0105da\u0107 od Sprzedawcy wymiany rzeczy wadliwej na now\u0105, woln\u0105 od wad albo zwrotu koszt\u00f3w. Je\u017celi istnienie wady towaru lub nieprawid\u0142owo\u015bci w \u015bwiadczonej us\u0142udze nie jest kwestionowane, Sprzedawca musi jak najszybciej zastosowa\u0107 si\u0119 do \u017c\u0105dania Kupuj\u0105cego, najp\u00f3\u017aniej w ci\u0105gu 8 dni. W przypadku reklamacji dotycz\u0105cej wady towaru lub nieprawid\u0142owo\u015bci w \u015bwiadczonej us\u0142udze, Sprzedawca musi ustosunkowa\u0107 si\u0119 na pi\u015bmie do zg\u0142oszenia Kupuj\u0105cego najp\u00f3\u017aniej w ci\u0105gu 8 dni od jego otrzymania.<\/p>\n<ol start=\"9\">\n<li>Uprawnienie do odst\u0105pienia od umowy<\/li>\n<\/ol>\n<p>Produkty w sklepie internetowym podlegaj\u0105 warunkom gwarancji okre\u015blonym w ustawie o ochronie konsument\u00f3w. Zgodnie z tym prawem, Kupuj\u0105cy mo\u017ce odst\u0105pi\u0107 od Umowy bez podania przyczyny poprzez z\u0142o\u017cenie stosownego o\u015bwiadczenia w terminie 14 dni. Do zachowania tego terminu wystarczy wys\u0142anie o\u015bwiadczenia przed jego up\u0142ywem. Jednocze\u015bnie Kupuj\u0105cy zobowi\u0105zany jest do zwrotu otrzymanego towaru w stanie nienaruszonym i w takiej samej ilo\u015bci sztuk, jak przy odbiorze. Zwrotu nale\u017cy dokona\u0107 na adres dostawcy nie p\u00f3\u017aniej ni\u017c 14 dni od z\u0142o\u017cenia o\u015bwiadczenia o odst\u0105pieniu od umowy. Zwrot otrzymanego towaru na adres Sprzedawcy w ci\u0105gu 14 dni od otrzymania towaru bez o\u015bwiadczenia o odst\u0105pieniu od umowy, uwa\u017cany jest za o\u015bwiadczenie o odst\u0105pieniu od umowy. Cena zakupu i wszelkie pozosta\u0142e koszty zostan\u0105 zwr\u00f3cone w ca\u0142o\u015bci przez Sprzedawc\u0119 w ci\u0105gu 14 dni od otrzymania o\u015bwiadczenia o odst\u0105pieniu od umowy.<\/p>\n<ol start=\"10\">\n<li>Ceny<\/li>\n<\/ol>\n<p>Ceny produkt\u00f3w podane s\u0105 w euro <em>(I see z\u0142otych)<\/em> i zawieraj\u0105 podatek VAT.\u00a0Ceny obowi\u0105zuj\u0105 w momencie zam\u00f3wienia i nie maj\u0105 okre\u015blonej wa\u017cno\u015bci.\u00a0Sprzedawca zastrzega sobie prawo do zmiany cen.\u00a0Oferta wa\u017cna do wyczerpania zapas\u00f3w.\u00a0Zgodnie z art. 94 ust. 1 ZDDV-1 sp\u00f3\u0142ka nie podlega podatkowi VAT.<\/p>\n<ol start=\"11\">\n<li>Zrzeczenie si\u0119 z odpowiedzialno\u015bci<\/li>\n<\/ol>\n<p>Dostawca nie ponosi odpowiedzialno\u015bci za tre\u015b\u0107 opinii o produktach pisanych przez u\u017cytkownik\u00f3w serwisu.\u00a0Opinie i oceny produkt\u00f3w s\u0105 indywidualnymi opiniami i nie musz\u0105 odzwierciedla\u0107 stanowiska redakcji serwisu Meltin.eu.<\/p>\n<p>Pomimo, i\u017c Sprzedawca stara si\u0119 zapewni\u0107 jak najbardziej rzeczywiste zdj\u0119cia sprzedawanych przedmiot\u00f3w, wszystkie zdj\u0119cia nale\u017cy traktowa\u0107 pogl\u0105dowo.\u00a0Zdj\u0119cia nie stanowi\u0105 podstawy gwarancji.<\/p>\n<p>Sprzedawca \u00a0zastrzega sobie prawo do zmiany warunk\u00f3w w dowolnym czasie i w jakikolwiek spos\u00f3b, z dowolnego powodu i bez powiadomienia.<\/p>\n<ol start=\"12\">\n<li>Ochrona danych osobowych<\/li>\n<\/ol>\n<p>Sprzedawca zobowi\u0105zuje si\u0119 do ochrony wszystkich danych osobowych Kupuj\u0105cego zgodnie z ustaw\u0105 o ochronie danych osobowych.\u00a0Sprzedawca wykorzystuje dane osobowe wy\u0142\u0105cznie w celu realizacji zam\u00f3wie\u0144 (przesy\u0142anie materia\u0142\u00f3w informacyjnych, ofert, faktur) i innej niezb\u0119dnej komunikacji. Sprzedawca z nale\u017cyt\u0105 staranno\u015bci\u0105 dobiera i stosuje odpowiednie \u015brodki techniczne zapewniaj\u0105ce ochron\u0119 przetwarzanych danych, w szczeg\u00f3lno\u015bci zabezpiecza dane przed ich udost\u0119pnieniem osobom nieupowa\u017cnionym. Sklep Internetowy u\u017cywa szyfrowanej transmisji danych (SSL), co zapewnia ochron\u0119 identyfikuj\u0105cych U\u017cytkownika danych<\/p>\n<ol start=\"13\">\n<li>Reklamacje i spory<\/li>\n<\/ol>\n<p>Sprzedawca przestrzega obowi\u0105zuj\u0105cych przepis\u00f3w dotycz\u0105cych ochrony konsument\u00f3w i jest zobowi\u0105zany do ustanowienia skutecznego systemu zarz\u0105dzania reklamacjami.\u00a0W przypadku problemu klient mo\u017ce skontaktowa\u0107 si\u0119 ze Sprzedawc\u0105 telefonicznie, mailowo lub pisemnie na adres firmy.\u00a0Sprzedawca potwierdzi otrzymanie reklamacji w ci\u0105gu 5 dni roboczych i poinformuje Kupuj\u0105cego o post\u0119pach rozpatrywania reklamacji.\u00a0Sprzedawca do\u0142o\u017cy wszelkich stara\u0144, aby wszelkie spory rozstrzyga\u0107 polubownie.<\/p>\n\n\t\t<\/div>\n\t<\/div>\n<\/div><\/div><\/div><\/div>\n<\/div>","protected":false},"excerpt":{"rendered":"Regulamin: Postanowienia og\u00f3lne Niniejszy Regulamin okre\u015bla og\u00f3lne warunki, zasady oraz spos\u00f3b sprzeda\u017cy prowadzonej przez Meltin.eu zgodnie z ustaw\u0105 o ochronie konsument\u00f3w. Sklep internetowy Meltin.eu jest prowadzony przez firm\u0119 Peter Mili\u0107 SP, zwan\u0105 dalej Sprzedawc\u0105. U\u017cytkownikiem jest osoba korzystaj\u0105ca z naszego systemu, czyli klient w sklepie internetowym (dalej Kupuj\u0105cy). Regulamin okre\u015bla zakres dzia\u0142a\u0144 sklepu internetowego Meltin.eu, prawa kupuj\u0105cego i relacje biznesowe mi\u0119dzy Sprzedawc\u0105 a Kupuj\u0105cym. Zam\u00f3wienie Po z\u0142o\u017ceniu zam\u00f3wienia, Kupuj\u0105cy w ci\u0105gu 24h otrzymuje wiadomo\u015b\u0107 e-mail&hellip;","protected":false},"author":2,"featured_media":0,"parent":0,"menu_order":0,"comment_status":"closed","ping_status":"closed","template":"full-width-page.php","meta":{"content-type":"","footnotes":""},"class_list":["post-1611","page","type-page","status-publish","hentry"],"_links":{"self":[{"href":"https:\/\/meltin.eu\/pl\/wp-json\/wp\/v2\/pages\/1611","targetHints":{"allow":["GET"]}}],"collection":[{"href":"https:\/\/meltin.eu\/pl\/wp-json\/wp\/v2\/pages"}],"about":[{"href":"https:\/\/meltin.eu\/pl\/wp-json\/wp\/v2\/types\/page"}],"author":[{"embeddable":true,"href":"https:\/\/meltin.eu\/pl\/wp-json\/wp\/v2\/users\/2"}],"replies":[{"embeddable":true,"href":"https:\/\/meltin.eu\/pl\/wp-json\/wp\/v2\/comments?post=1611"}],"version-history":[{"count":28,"href":"https:\/\/meltin.eu\/pl\/wp-json\/wp\/v2\/pages\/1611\/revisions"}],"predecessor-version":[{"id":2918,"href":"https:\/\/meltin.eu\/pl\/wp-json\/wp\/v2\/pages\/1611\/revisions\/2918"}],"wp:attachment":[{"href":"https:\/\/meltin.eu\/pl\/wp-json\/wp\/v2\/media?parent=1611"}],"curies":[{"name":"wp","href":"https:\/\/api.w.org\/{rel}","templated":true}]}}