{"id":1688,"date":"2020-05-24T12:07:17","date_gmt":"2020-05-24T12:07:17","guid":{"rendered":"https:\/\/meltin.eu\/pl\/?page_id=1688"},"modified":"2021-02-22T23:20:04","modified_gmt":"2021-02-22T21:20:04","slug":"faq","status":"publish","type":"page","link":"https:\/\/meltin.eu\/pl\/faq\/","title":{"rendered":"FAQ"},"content":{"rendered":"<div class=\"wpb-content-wrapper\"><div class=\"vc_row row\"><div class=\"wpb_column vc_column_container vc_col-sm-12\"><div class=\"vc_column-inner\"><div class=\"wpb_wrapper\">\n\t<div class=\"wpb_text_column wpb_content_element  vc_custom_1614027556556\" >\n\t\t<div class=\"wpb_wrapper\">\n\t\t\t<p><strong>Czy Meltin naprawd\u0119 wp\u0142ywa na wzrost i wzmocnienie rz\u0119s i brwi?<\/strong><\/p>\n<p>Meltin od\u017cywia, nawil\u017ca i g\u0142\u0119boko regeneruje rz\u0119sy, nadaj\u0105c im naturaln\u0105 elastyczno\u015b\u0107. Serum stymuluje wzrost rz\u0119s i brwi, wzmacnia je i zag\u0119szcza. Z biegiem czasu Twoje rz\u0119sy wydaj\u0105 si\u0119 d\u0142u\u017csze, zdrowsze i zauwa\u017calnie bardziej obszerne.<\/p>\n<p><strong>Jak aplikowa\u0107 Meltin?<\/strong><\/p>\n<p>Produkt nak\u0142adaj tylko za pomoc\u0105 do\u0142\u0105czonego aplikatora na rz\u0119sy lub brwi. Wystarczy ju\u017c jedna warstwa. Przechowuj go w ciemnym, suchym i ch\u0142odnym miejscu.<\/p>\n<p><strong>Kiedy zobacz\u0119 pierwsze efekty?<\/strong><\/p>\n<p>Pierwsze widoczne rezultaty mo\u017cna zauwa\u017cy\u0107 przy regularnym stosowaniu po 2-3 tygodniach. Aby uzyska\u0107 najlepsze rezultaty, zalecamy regularne stosowanie przez co najmniej 2 miesi\u0105ce. Po tym czasie powinna\u015b u\u017cywa\u0107 go trzy razy w tygodniu, aby uzyska\u0107 pon\u0119tne rz\u0119sy \/ brwi..<\/p>\n<p><strong>Jak i kiedy stosowa\u0107 Meltin?<\/strong><\/p>\n<p>Produkt nak\u0142ada si\u0119 szybko i \u0142atwo na g\u00f3rne i dolne rz\u0119sy za pomoc\u0105 do\u0142\u0105czonego aplikatora, tak jak przy nak\u0142adaniu kredki do oczu. Nak\u0142adaj r\u00f3wnomiernie na ca\u0142ej d\u0142ugo\u015bci powieki. Na\u0142\u00f3\u017c serum r\u00f3wnie\u017c na brwi, je\u015bli chcesz, aby wygl\u0105da\u0142y na pe\u0142niejsze i bardziej soczyste. Zawsze nak\u0142adaj serum na czyst\u0105 sk\u00f3r\u0119. Ca\u0142kowicie usu\u0144 makija\u017c lub soczewki kontaktowe, je\u015bli ich u\u017cywasz. Stosuj produkt codziennie wieczorem przed snem, a wkr\u00f3tce b\u0119dziesz zaskoczona efektami.<\/p>\n<p><strong>Czy produkt by\u0142 testowany na zwierz\u0119tach? <\/strong><\/p>\n<p>Nie, produkt nie by\u0142 testowany na zwierz\u0119tach.<\/p>\n<p><strong>Jak d\u0142ugo mo\u017cna przechowywa\u0107 serum od momentu jego otwarcia?<\/strong><\/p>\n<p>Produkt ma okres przydatno\u015bci 6 miesi\u0119cy od momentu jego otwarcia.<\/p>\n<p><strong>Dla kogo przeznaczona jest od\u017cywka do rz\u0119s Meltin?<\/strong><\/p>\n<p>Meltin jest odpowiedni dla ka\u017cdego, nie ma ogranicze\u0144 wiekowych. Nawet dla kobiet w ci\u0105\u017cy, poniewa\u017c nie zawiera hormon\u00f3w i lek\u00f3w. Nadaje si\u0119 r\u00f3wnie\u017c do wra\u017cliwych oczu. W przypadku wyst\u0105pienia alergii nale\u017cy przerwa\u0107 stosowanie.<\/p>\n<p><strong>Jak d\u0142ugo trwa dostawa?<\/strong><\/p>\n<p>Wszystkie zam\u00f3wienia z\u0142o\u017cone do godziny 12:00 wysy\u0142amy tego samego dnia roboczego. Zam\u00f3wienia z\u0142o\u017cone po godzinie 12:00 zostan\u0105 wys\u0142ane nast\u0119pnego dnia roboczego. Ca\u0142kowity czas dostawy to 4 dni robocze, jednak zazwyczaj przesy\u0142ka dostarczana jest kolejnego dnia roboczego.<\/p>\n\n\t\t<\/div>\n\t<\/div>\n<\/div><\/div><\/div><\/div>\n<\/div>","protected":false},"excerpt":{"rendered":"Czy Meltin naprawd\u0119 wp\u0142ywa na wzrost i wzmocnienie rz\u0119s i brwi? Meltin od\u017cywia, nawil\u017ca i g\u0142\u0119boko regeneruje rz\u0119sy, nadaj\u0105c im naturaln\u0105 elastyczno\u015b\u0107. Serum stymuluje wzrost rz\u0119s i brwi, wzmacnia je i zag\u0119szcza. Z biegiem czasu Twoje rz\u0119sy wydaj\u0105 si\u0119 d\u0142u\u017csze, zdrowsze i zauwa\u017calnie bardziej obszerne. Jak aplikowa\u0107 Meltin? Produkt nak\u0142adaj tylko za pomoc\u0105 do\u0142\u0105czonego aplikatora na rz\u0119sy lub brwi. Wystarczy ju\u017c jedna warstwa. Przechowuj go w ciemnym, suchym i ch\u0142odnym miejscu. Kiedy zobacz\u0119 pierwsze efekty?&hellip;","protected":false},"author":2,"featured_media":0,"parent":0,"menu_order":0,"comment_status":"closed","ping_status":"closed","template":"full-width-page.php","meta":{"content-type":"","footnotes":""},"class_list":["post-1688","page","type-page","status-publish","hentry"],"_links":{"self":[{"href":"https:\/\/meltin.eu\/pl\/wp-json\/wp\/v2\/pages\/1688","targetHints":{"allow":["GET"]}}],"collection":[{"href":"https:\/\/meltin.eu\/pl\/wp-json\/wp\/v2\/pages"}],"about":[{"href":"https:\/\/meltin.eu\/pl\/wp-json\/wp\/v2\/types\/page"}],"author":[{"embeddable":true,"href":"https:\/\/meltin.eu\/pl\/wp-json\/wp\/v2\/users\/2"}],"replies":[{"embeddable":true,"href":"https:\/\/meltin.eu\/pl\/wp-json\/wp\/v2\/comments?post=1688"}],"version-history":[{"count":33,"href":"https:\/\/meltin.eu\/pl\/wp-json\/wp\/v2\/pages\/1688\/revisions"}],"predecessor-version":[{"id":2923,"href":"https:\/\/meltin.eu\/pl\/wp-json\/wp\/v2\/pages\/1688\/revisions\/2923"}],"wp:attachment":[{"href":"https:\/\/meltin.eu\/pl\/wp-json\/wp\/v2\/media?parent=1688"}],"curies":[{"name":"wp","href":"https:\/\/api.w.org\/{rel}","templated":true}]}}