{"id":1854,"date":"2020-05-28T04:19:36","date_gmt":"2020-05-28T04:19:36","guid":{"rendered":"https:\/\/meltin.eu\/pl\/?page_id=1854"},"modified":"2021-02-22T14:17:42","modified_gmt":"2021-02-22T12:17:42","slug":"dostawa-i-platnosc","status":"publish","type":"page","link":"https:\/\/meltin.eu\/pl\/dostawa-i-platnosc\/","title":{"rendered":"Dostawa i p\u0142atno\u015b\u0107"},"content":{"rendered":"<div class=\"wpb-content-wrapper\"><div class=\"vc_row row\"><div class=\"wpb_column vc_column_container vc_col-sm-12\"><div class=\"vc_column-inner\"><div class=\"wpb_wrapper\">\n\t<div class=\"wpb_text_column wpb_content_element  vc_custom_1613996002867\" >\n\t\t<div class=\"wpb_wrapper\">\n\t\t\t<p><strong>Dostawa i p\u0142atno\u015b\u0107:<\/strong><\/p>\n<p>Do dostawy u\u017cywamy r\u00f3\u017cnych kurier\u00f3w. Ca\u0142kowity czas realizacji zam\u00f3wienia (wraz z dostaw\u0105) wynosi od 2-5 dni roboczych, jednak z regu\u0142y przesy\u0142ki dostarczane s\u0105 ju\u017c nast\u0119pnego dnia roboczego. Do zam\u00f3wie\u0144 doliczana jest cena wysy\u0142ki, kt\u00f3ra wynosi 4 \u20ac.<\/p>\n<p>Oferujemy trzy metody p\u0142atno\u015bci:<\/p>\n<p>&#8211; PayPal &#8211; szybka p\u0142atno\u015b\u0107 dla posiadaczy konta w PayPal &#8211; P\u0142atno\u015b\u0107 kart\u0105<\/p>\n<p>&#8211; P\u0142atno\u015b\u0107 kart\u0105 \u2013 tradycyjna p\u0142atno\u015b\u0107 kart\u0105 debetow\u0105 lub kredytow\u0105<\/p>\n<p>&#8211; Przelewy24 &#8211; system szybkich p\u0142atno\u015bci internetowych, kt\u00f3ry umo\u017cliwia natychmiastowe dokonanie wp\u0142aty. W ramach systemu masz do dyspozycji p\u0142atno\u015b\u0107: Blikiem, przelewem tradycyjnym, kart\u0105 p\u0142atnicz\u0105, portfelem elektronicznym.<\/p>\n\n\t\t<\/div>\n\t<\/div>\n<\/div><\/div><\/div><\/div>\n<\/div>","protected":false},"excerpt":{"rendered":"Dostawa i p\u0142atno\u015b\u0107: Do dostawy u\u017cywamy r\u00f3\u017cnych kurier\u00f3w. Ca\u0142kowity czas realizacji zam\u00f3wienia (wraz z dostaw\u0105) wynosi od 2-5 dni roboczych, jednak z regu\u0142y przesy\u0142ki dostarczane s\u0105 ju\u017c nast\u0119pnego dnia roboczego. Do zam\u00f3wie\u0144 doliczana jest cena wysy\u0142ki, kt\u00f3ra wynosi 4 \u20ac. Oferujemy trzy metody p\u0142atno\u015bci: - PayPal - szybka p\u0142atno\u015b\u0107 dla posiadaczy konta w PayPal - P\u0142atno\u015b\u0107 kart\u0105 - P\u0142atno\u015b\u0107 kart\u0105 \u2013 tradycyjna p\u0142atno\u015b\u0107 kart\u0105 debetow\u0105 lub kredytow\u0105 - Przelewy24 - system szybkich p\u0142atno\u015bci internetowych, kt\u00f3ry&hellip;","protected":false},"author":2,"featured_media":0,"parent":0,"menu_order":0,"comment_status":"closed","ping_status":"closed","template":"full-width-page.php","meta":{"content-type":"","footnotes":""},"class_list":["post-1854","page","type-page","status-publish","hentry"],"_links":{"self":[{"href":"https:\/\/meltin.eu\/pl\/wp-json\/wp\/v2\/pages\/1854","targetHints":{"allow":["GET"]}}],"collection":[{"href":"https:\/\/meltin.eu\/pl\/wp-json\/wp\/v2\/pages"}],"about":[{"href":"https:\/\/meltin.eu\/pl\/wp-json\/wp\/v2\/types\/page"}],"author":[{"embeddable":true,"href":"https:\/\/meltin.eu\/pl\/wp-json\/wp\/v2\/users\/2"}],"replies":[{"embeddable":true,"href":"https:\/\/meltin.eu\/pl\/wp-json\/wp\/v2\/comments?post=1854"}],"version-history":[{"count":28,"href":"https:\/\/meltin.eu\/pl\/wp-json\/wp\/v2\/pages\/1854\/revisions"}],"predecessor-version":[{"id":2917,"href":"https:\/\/meltin.eu\/pl\/wp-json\/wp\/v2\/pages\/1854\/revisions\/2917"}],"wp:attachment":[{"href":"https:\/\/meltin.eu\/pl\/wp-json\/wp\/v2\/media?parent=1854"}],"curies":[{"name":"wp","href":"https:\/\/api.w.org\/{rel}","templated":true}]}}