{"id":1860,"date":"2020-05-28T04:33:04","date_gmt":"2020-05-28T04:33:04","guid":{"rendered":"https:\/\/meltin.eu\/pl\/?page_id=1860"},"modified":"2021-02-22T14:34:39","modified_gmt":"2021-02-22T12:34:39","slug":"polityka-plikow-cookie-2","status":"publish","type":"page","link":"https:\/\/meltin.eu\/pl\/polityka-plikow-cookie-2\/","title":{"rendered":"Polityka plik\u00f3w cookie"},"content":{"rendered":"<div class=\"wpb-content-wrapper\"><div class=\"vc_row row\"><div class=\"wpb_column vc_column_container vc_col-sm-12\"><div class=\"vc_column-inner\"><div class=\"wpb_wrapper\">\n\t<div class=\"wpb_text_column wpb_content_element  vc_custom_1613997204811\" >\n\t\t<div class=\"wpb_wrapper\">\n\t\t\t<p><strong>Polityka plik\u00f3w cookie<\/strong><\/p>\n<p>Co to s\u0105 pliki cookie?<\/p>\n<p>Cookies (ciasteczka) s\u0105 to ma\u0142e pliki zapisywane na Twoim urz\u0105dzeniu przez strony internetowe, kt\u00f3re odwiedzasz. W plikach cookie zawarte s\u0105 r\u00f3\u017cne informacje, kt\u00f3re s\u0105 cz\u0119sto niezb\u0119dne, aby strona dzia\u0142a\u0142a prawid\u0142owo. Dzi\u0119ki plikom cookie strony wiedz\u0105, \u017ce jeste\u015b zalogowany, pami\u0119taj\u0105 Twoje ustawienia i udost\u0119pniaj\u0105 Ci tre\u015bci dotycz\u0105ce danego miejsca. U\u017cytkownik ma mo\u017cliwo\u015b\u0107 ograniczenia lub wy\u0142\u0105czenia przechowywania plik\u00f3w cookie<\/p>\n<p>Pliki cookie maj\u0105 kluczowe znaczenie dla zapewnienia najlepszej jako\u015bci us\u0142ug online i u\u0142atwiaj\u0105 interakcj\u0119 pomi\u0119dzy u\u017cytkownikiem a witryn\u0105. Z ich pomoc\u0105 strona zapami\u0119tuje preferowane ustawienia u\u017cytkownika, co oszcz\u0119dza czas i usprawnia poruszanie si\u0119 po serwisie. Pliki cookie mog\u0105 by\u0107 r\u00f3wnie\u017c u\u017cywane do sporz\u0105dzania anonimowych statystyk o korzystaniu z stron internetowych i do cel\u00f3w reklamowych.<\/p>\n<p>Pliki cookie, kt\u00f3re s\u0105 niezb\u0119dne do dzia\u0142ania strony internetowej, mo\u017cna ustawi\u0107 dla odwiedzaj\u0105cego przy pierwszej wizycie na stronie. Pliki cookie do analizy internetowej, zaawansowanych reklam, sieci spo\u0142eczno\u015bciowych i inne pliki cookie stron trzecich s\u0105 ustawiane wy\u0142\u0105cznie za zgod\u0105 odwiedzaj\u0105cego.<\/p>\n<p>Wy\u0142\u0105czanie plik\u00f3w cookie<\/p>\n<p>U\u017cytkownicy mog\u0105 sami zdecydowa\u0107, czy zezwalaj\u0105 na u\u017cywanie plik\u00f3w cookie. Mo\u017cesz sprawdzi\u0107 i zmieni\u0107 ustawienia plik\u00f3w cookie w swojej przegl\u0105darce. Informacje na temat ustawie\u0144 plik\u00f3w cookie (dla r\u00f3\u017cnych przegl\u0105darek) mo\u017cna znale\u017a\u0107 pod poni\u017cszymi linkami:<\/p>\n<p>&#8211; Chrome<\/p>\n<p>&#8211; Firefox<\/p>\n<p>&#8211; Internet Explorer 9<\/p>\n<p>&#8211; Internet Explorer, wersje od 7 do 8<\/p>\n<p>&#8211; Opera<\/p>\n<p>&#8211; Safari (strona w j\u0119zyku angielskim)<\/p>\n<p>Je\u015bli nie akceptujesz plik\u00f3w cookie, niekt\u00f3re opcje strony zostan\u0105 wy\u0142\u0105czone.<\/p>\n\n\t\t<\/div>\n\t<\/div>\n<\/div><\/div><\/div><\/div>\n<\/div>","protected":false},"excerpt":{"rendered":"Polityka plik\u00f3w cookie Co to s\u0105 pliki cookie? Cookies (ciasteczka) s\u0105 to ma\u0142e pliki zapisywane na Twoim urz\u0105dzeniu przez strony internetowe, kt\u00f3re odwiedzasz. W plikach cookie zawarte s\u0105 r\u00f3\u017cne informacje, kt\u00f3re s\u0105 cz\u0119sto niezb\u0119dne, aby strona dzia\u0142a\u0142a prawid\u0142owo. Dzi\u0119ki plikom cookie strony wiedz\u0105, \u017ce jeste\u015b zalogowany, pami\u0119taj\u0105 Twoje ustawienia i udost\u0119pniaj\u0105 Ci tre\u015bci dotycz\u0105ce danego miejsca. U\u017cytkownik ma mo\u017cliwo\u015b\u0107 ograniczenia lub wy\u0142\u0105czenia przechowywania plik\u00f3w cookie Pliki cookie maj\u0105 kluczowe znaczenie dla zapewnienia najlepszej jako\u015bci us\u0142ug&hellip;","protected":false},"author":2,"featured_media":0,"parent":0,"menu_order":0,"comment_status":"closed","ping_status":"closed","template":"full-width-page.php","meta":{"content-type":"","footnotes":""},"class_list":["post-1860","page","type-page","status-publish","hentry"],"_links":{"self":[{"href":"https:\/\/meltin.eu\/pl\/wp-json\/wp\/v2\/pages\/1860","targetHints":{"allow":["GET"]}}],"collection":[{"href":"https:\/\/meltin.eu\/pl\/wp-json\/wp\/v2\/pages"}],"about":[{"href":"https:\/\/meltin.eu\/pl\/wp-json\/wp\/v2\/types\/page"}],"author":[{"embeddable":true,"href":"https:\/\/meltin.eu\/pl\/wp-json\/wp\/v2\/users\/2"}],"replies":[{"embeddable":true,"href":"https:\/\/meltin.eu\/pl\/wp-json\/wp\/v2\/comments?post=1860"}],"version-history":[{"count":18,"href":"https:\/\/meltin.eu\/pl\/wp-json\/wp\/v2\/pages\/1860\/revisions"}],"predecessor-version":[{"id":2919,"href":"https:\/\/meltin.eu\/pl\/wp-json\/wp\/v2\/pages\/1860\/revisions\/2919"}],"wp:attachment":[{"href":"https:\/\/meltin.eu\/pl\/wp-json\/wp\/v2\/media?parent=1860"}],"curies":[{"name":"wp","href":"https:\/\/api.w.org\/{rel}","templated":true}]}}