{"id":1703,"date":"2020-05-25T18:21:42","date_gmt":"2020-05-25T18:21:42","guid":{"rendered":"https:\/\/meltin.eu\/pl\/?post_type=product&#038;p=1703"},"modified":"2021-03-03T19:58:15","modified_gmt":"2021-03-03T17:58:15","slug":"serum-stymulujace-wzrost-rzes-i-brwi","status":"publish","type":"product","link":"https:\/\/meltin.eu\/pl\/product\/serum-stymulujace-wzrost-rzes-i-brwi\/","title":{"rendered":"Meltin Eyelash Booster"},"content":{"rendered":"","protected":false},"excerpt":{"rendered":"<p>Meltin Serum Do Rz\u0119s dost\u0119pne jest w opakowaniu 4 ml, kt\u00f3re wystarcza na oko\u0142o 4 miesi\u0105ce stosowania.<\/p>\n<p>Idealne dla os\u00f3b, kt\u00f3re:<\/p>\n<p>\u2713 chc\u0105 d\u0142u\u017cszych, mocniejszych i grubszych rz\u0119s i brwi,<\/p>\n<p>\u2713 chc\u0105 u\u017cywa\u0107 w 100% naturalnego produktu na porost rz\u0119s i brwi,<\/p>\n<p>\u2713 chc\u0105 uwodzicielskiego wygl\u0105du,<\/p>\n<p>\u2713 chc\u0105 produktu, kt\u00f3ry nie zawiera hormon\u00f3w i sztucznych zapach\u00f3w.<\/p>\n","protected":false},"featured_media":2551,"comment_status":"closed","ping_status":"closed","template":"","meta":{"content-type":""},"product_brand":[],"product_cat":[15],"product_tag":[],"class_list":{"0":"post-1703","1":"product","2":"type-product","3":"status-publish","4":"has-post-thumbnail","6":"product_cat-uncategorized","8":"first","9":"instock","10":"purchasable","11":"product-type-simple"},"_links":{"self":[{"href":"https:\/\/meltin.eu\/pl\/wp-json\/wp\/v2\/product\/1703","targetHints":{"allow":["GET"]}}],"collection":[{"href":"https:\/\/meltin.eu\/pl\/wp-json\/wp\/v2\/product"}],"about":[{"href":"https:\/\/meltin.eu\/pl\/wp-json\/wp\/v2\/types\/product"}],"replies":[{"embeddable":true,"href":"https:\/\/meltin.eu\/pl\/wp-json\/wp\/v2\/comments?post=1703"}],"wp:featuredmedia":[{"embeddable":true,"href":"https:\/\/meltin.eu\/pl\/wp-json\/wp\/v2\/media\/2551"}],"wp:attachment":[{"href":"https:\/\/meltin.eu\/pl\/wp-json\/wp\/v2\/media?parent=1703"}],"wp:term":[{"taxonomy":"product_brand","embeddable":true,"href":"https:\/\/meltin.eu\/pl\/wp-json\/wp\/v2\/product_brand?post=1703"},{"taxonomy":"product_cat","embeddable":true,"href":"https:\/\/meltin.eu\/pl\/wp-json\/wp\/v2\/product_cat?post=1703"},{"taxonomy":"product_tag","embeddable":true,"href":"https:\/\/meltin.eu\/pl\/wp-json\/wp\/v2\/product_tag?post=1703"}],"curies":[{"name":"wp","href":"https:\/\/api.w.org\/{rel}","templated":true}]}}